{"id":94,"date":"2017-10-30T15:16:21","date_gmt":"2017-10-30T15:16:21","guid":{"rendered":"http:\/\/spitaldinkelscherben.de\/?page_id=94"},"modified":"2021-01-25T08:58:06","modified_gmt":"2021-01-25T08:58:06","slug":"home-1","status":"publish","type":"page","link":"https:\/\/spitaldinkelscherben.de\/","title":{"rendered":"Startseite"},"content":{"rendered":"<p>[vc_row full_width=&#8221;stretch_row_content&#8221; hide_bg_image_on_tablet=&#8221;&#8221; hide_bg_image_on_mobile=&#8221;1&#8243; row_delimiter=&#8221;&#8221; hide_on_desktop=&#8221;&#8221; hide_on_notebook=&#8221;&#8221; hide_on_tablet=&#8221;&#8221; hide_on_mobile=&#8221;1&#8243; hide_on_frontpage=&#8221;&#8221; css=&#8221;.vc_custom_1607589955346{padding-bottom: 350px !important;background-image: url(http:\/\/spitaldinkelscherben.de\/wp-content\/uploads\/2020\/11\/Titelbild_Foerderverein.png?id=1584) !important;background-position: center !important;}&#8221;][vc_column hide_bg_image_on_tablet=&#8221;&#8221; hide_bg_image_on_mobile=&#8221;&#8221; icons_position=&#8221;left&#8221; css=&#8221;.vc_custom_1606766242278{background-size: contain !important;}&#8221;][\/vc_column][\/vc_row][vc_row full_width=&#8221;stretch_row_content_no_spaces&#8221; extra_bg_mask=&#8221;5&#8243; hide_bg_image_on_tablet=&#8221;&#8221; hide_bg_image_on_mobile=&#8221;&#8221; css=&#8221;.vc_custom_1605816242487{padding-top: 50px !important;padding-bottom: 50px !important;background-color: #aaaaaa !important;background-size: cover !important;}&#8221;][vc_column width=&#8221;1\/4&#8243; icons_position=&#8221;left&#8221;][\/vc_column][vc_column width=&#8221;1\/2&#8243; icons_position=&#8221;left&#8221;]<div id=\"sc_title_538557876\"\r\n\t\tclass=\"sc_title color_style_default scheme_dark sc_title_default  vc_custom_1604434713391\"><h2 class=\"sc_item_title sc_title_title sc_align_center sc_item_title_style_default sc_item_title_tag\">Werden Sie Mitglied<\/h2><h6 class=\"sc_item_subtitle sc_title_subtitle sc_align_center sc_item_title_style_default\">im F\u00f6rderverein B\u00fcndnis Hospital Dinkelscherben-Zusmarshausen e.V.<\/h6><div class=\"sc_item_button sc_button_wrap sc_align_center\"><a href=\"\/?page_id=104\/\" id=\"sc_button_1660496409\" class=\"sc_button color_style_default sc_button_default sc_item_button sc_item_button_default sc_title_button sc_button_size_normal sc_button_icon_left\"><span class=\"sc_button_text\"><span class=\"sc_button_title\">Kontakt<\/span><\/span><!-- \/.sc_button_text --><\/a><!-- \/.sc_button --><\/div><!-- \/.sc_item_button --><\/div><!-- \/.sc_title -->[\/vc_column][\/vc_row][vc_row][vc_column icons_position=&#8221;left&#8221;][vc_empty_space height=&#8221;110px&#8221; alter_height=&#8221;none&#8221; hide_on_desktop=&#8221;&#8221; hide_on_notebook=&#8221;1&#8243; hide_on_tablet=&#8221;1&#8243; hide_on_mobile=&#8221;1&#8243;][vc_empty_space height=&#8221;80px&#8221; alter_height=&#8221;none&#8221; hide_on_desktop=&#8221;1&#8243; hide_on_notebook=&#8221;&#8221; hide_on_tablet=&#8221;&#8221; hide_on_mobile=&#8221;1&#8243;][vc_empty_space height=&#8221;50px&#8221; alter_height=&#8221;none&#8221; hide_on_desktop=&#8221;1&#8243; hide_on_notebook=&#8221;1&#8243; hide_on_tablet=&#8221;1&#8243; hide_on_mobile=&#8221;&#8221;][\/vc_column][\/vc_row][vc_row hide_bg_image_on_tablet=&#8221;&#8221; hide_bg_image_on_mobile=&#8221;&#8221; row_delimiter=&#8221;&#8221; hide_on_desktop=&#8221;&#8221; hide_on_notebook=&#8221;&#8221; hide_on_tablet=&#8221;&#8221; hide_on_mobile=&#8221;&#8221; hide_on_frontpage=&#8221;&#8221;][vc_column icons_position=&#8221;left&#8221;]<div  id=\"sc_blogger_730573837\"\t\tclass=\"sc_blogger color_style_default sc_blogger_plain\"><h3 class=\"sc_item_title sc_blogger_title sc_align_center sc_item_title_style_default\">Neuigkeiten<\/h3><div class=\"sc_blogger_columns_wrap sc_item_columns trx_addons_columns_wrap\"><div class=\"trx_addons_column-1_3\"><div class=\"sc_blogger_item post_format_standard post-2371 post type-post status-publish format-standard has-post-thumbnail hentry category-neuigkeiten-2\"><div class=\"post_meta\">\t\t\t\t\t\t<span class=\"post_meta_item post_categories\"><a href=\"https:\/\/spitaldinkelscherben.de\/?cat=41\" rel=\"category\">Neuigkeiten<\/a><\/span>\n\t\t\t\t\t\t<\/div><!-- .post_meta --><div class=\"post_featured with_thumb hover_dots sc_blogger_item_featured\"><img loading=\"lazy\" decoding=\"async\" width=\"405\" height=\"270\" src=\"https:\/\/spitaldinkelscherben.de\/wp-content\/uploads\/2020\/11\/P1044419-405x270.jpg\" class=\"attachment-pathwell-thumb-related size-pathwell-thumb-related wp-post-image\" alt=\"\" \/><div class=\"mask\"><\/div><a href=\"https:\/\/spitaldinkelscherben.de\/?p=2371\" aria-hidden=\"true\" class=\"icons\"><span><\/span><span><\/span><span><\/span><\/a><\/div><div class=\"sc_blogger_item_content entry-content\"><h5 class=\"sc_blogger_item_title entry-title\"><a href=\"https:\/\/spitaldinkelscherben.de\/?p=2371\" rel=\"bookmark\">Einladeung zur Jahreshauptversammlung 2025 des F\u00f6rdervereins<\/a><\/h5><p>am MONTAG, 23. Juni 2025, 19.00 Uhr, findet unsere diesj\u00e4hrige Jahreshauptversammlung im Spitalsaal des Hospitals Dinkelscherben, Spitalgasse 2 statt.&nbsp; Einlass ist ab 18.30 Uhr. Tagesordnung: Schriftliche Antr\u00e4ge sind bis sp\u00e4testens Samstag, 15.06.2025, beim 1. Vorstand Josef Guggemos, Spitalgasse 2, 86424&hellip;<\/p>\n<div class=\"post_meta\">\t\t\t\t\t\t<span class=\"post_meta_item post_date\"><a href=\"https:\/\/spitaldinkelscherben.de\/?p=2371\">Juni 8, 2025<\/a><\/span>\n\t\t\t\t\t\t <a href=\"#\" class=\"post_meta_item post_counters_item post_counters_likes trx_addons_icon-heart-empty enabled\" title=\"Like\" data-postid=\"2371\" data-likes=\"5\" data-title-like=\"Like\"\tdata-title-dislike=\"Dislike\"><span class=\"post_counters_number\">5<\/span><span class=\"post_counters_label\">Likes<\/span><\/a> <\/div><!-- .post_meta --><\/div><!-- .entry-content --><\/div><!-- .sc_blogger_item --><\/div><div class=\"trx_addons_column-1_3\"><div class=\"sc_blogger_item post_format_standard post-2344 post type-post status-publish format-standard has-post-thumbnail hentry category-fotos category-neuigkeiten-2\"><div class=\"post_meta\">\t\t\t\t\t\t<span class=\"post_meta_item post_categories\"><a href=\"https:\/\/spitaldinkelscherben.de\/?cat=45\" rel=\"category\">Fotos<\/a>, <a href=\"https:\/\/spitaldinkelscherben.de\/?cat=41\" rel=\"category\">Neuigkeiten<\/a><\/span>\n\t\t\t\t\t\t<\/div><!-- .post_meta --><div class=\"post_featured with_thumb hover_dots sc_blogger_item_featured\"><img loading=\"lazy\" decoding=\"async\" width=\"405\" height=\"270\" src=\"https:\/\/spitaldinkelscherben.de\/wp-content\/uploads\/2024\/02\/grafik-1-405x270.png\" class=\"attachment-pathwell-thumb-related size-pathwell-thumb-related wp-post-image\" alt=\"\" \/><div class=\"mask\"><\/div><a href=\"https:\/\/spitaldinkelscherben.de\/?p=2344\" aria-hidden=\"true\" class=\"icons\"><span><\/span><span><\/span><span><\/span><\/a><\/div><div class=\"sc_blogger_item_content entry-content\"><h5 class=\"sc_blogger_item_title entry-title\"><a href=\"https:\/\/spitaldinkelscherben.de\/?p=2344\" rel=\"bookmark\">Mitgliedergemeinden im F\u00f6rderverein<\/a><\/h5><p>Immer mehr Marktgemeinden und Gemeinden unterst\u00fctzen mit Ihrer aktiven Mitgliedschaft den F\u00f6rderverein B\u00fcndnis Hospital Dinkelscherben-Zusmarshausen e.V. Neben den Marktgemeinden Dinkelscherben und Zusmarshausen sind dies derzeit (in alphabetischer Reihenfolge): Vielen DANK an die zust\u00e4ndigen Gremien, sowie die B\u00fcrgerinnen und B\u00fcrger dieser&hellip;<\/p>\n<div class=\"post_meta\">\t\t\t\t\t\t<span class=\"post_meta_item post_date\"><a href=\"https:\/\/spitaldinkelscherben.de\/?p=2344\">Februar 17, 2024<\/a><\/span>\n\t\t\t\t\t\t <a href=\"#\" class=\"post_meta_item post_counters_item post_counters_likes trx_addons_icon-heart-empty enabled\" title=\"Like\" data-postid=\"2344\" data-likes=\"11\" data-title-like=\"Like\"\tdata-title-dislike=\"Dislike\"><span class=\"post_counters_number\">11<\/span><span class=\"post_counters_label\">Likes<\/span><\/a> <\/div><!-- .post_meta --><\/div><!-- .entry-content --><\/div><!-- .sc_blogger_item --><\/div><div class=\"trx_addons_column-1_3\"><div class=\"sc_blogger_item post_format_standard post-2316 post type-post status-publish format-standard has-post-thumbnail hentry category-fotos category-neuigkeiten-2\"><div class=\"post_meta\">\t\t\t\t\t\t<span class=\"post_meta_item post_categories\"><a href=\"https:\/\/spitaldinkelscherben.de\/?cat=45\" rel=\"category\">Fotos<\/a>, <a href=\"https:\/\/spitaldinkelscherben.de\/?cat=41\" rel=\"category\">Neuigkeiten<\/a><\/span>\n\t\t\t\t\t\t<\/div><!-- .post_meta --><div class=\"post_featured with_thumb hover_dots sc_blogger_item_featured\"><img loading=\"lazy\" decoding=\"async\" width=\"405\" height=\"270\" src=\"https:\/\/spitaldinkelscherben.de\/wp-content\/uploads\/2024\/01\/1000064807-405x270.jpg\" class=\"attachment-pathwell-thumb-related size-pathwell-thumb-related wp-post-image\" alt=\"\" \/><div class=\"mask\"><\/div><a href=\"https:\/\/spitaldinkelscherben.de\/?p=2316\" aria-hidden=\"true\" class=\"icons\"><span><\/span><span><\/span><span><\/span><\/a><\/div><div class=\"sc_blogger_item_content entry-content\"><h5 class=\"sc_blogger_item_title entry-title\"><a href=\"https:\/\/spitaldinkelscherben.de\/?p=2316\" rel=\"bookmark\">Filmabend \u201eDinkelscherben &#8211; einst und jetzt\u201c<\/a><\/h5><p>Bis auf den letzten Platz ausgebucht war der Saal des Altenheims in Dinkelscherben zum Filmabend \u201eDinkelscherben &#8211; einst und jetzt\u201c. Das Bildmaterial vom alten Dinkelscherben wurde von Werner Vikari in den letzten Jahren gesammelt und in Zusammenarbeit mit Raimund Steppich&hellip;<\/p>\n<div class=\"post_meta\">\t\t\t\t\t\t<span class=\"post_meta_item post_date\"><a href=\"https:\/\/spitaldinkelscherben.de\/?p=2316\">Januar 22, 2024<\/a><\/span>\n\t\t\t\t\t\t <a href=\"#\" class=\"post_meta_item post_counters_item post_counters_likes trx_addons_icon-heart-empty enabled\" title=\"Like\" data-postid=\"2316\" data-likes=\"9\" data-title-like=\"Like\"\tdata-title-dislike=\"Dislike\"><span class=\"post_counters_number\">9<\/span><span class=\"post_counters_label\">Likes<\/span><\/a> <\/div><!-- .post_meta --><\/div><!-- .entry-content --><\/div><!-- .sc_blogger_item --><\/div><\/div><div class=\"sc_item_button sc_button_wrap sc_align_center\"><a href=\"http:\/\/spitaldinkelscherben.de\/?page_id=122\" id=\"sc_button_1595224862\" class=\"sc_button color_style_default sc_button_default sc_item_button sc_item_button_default sc_blogger_button sc_button_size_normal sc_button_icon_left\"><span class=\"sc_button_text\"><span class=\"sc_button_title\">mehr<\/span><\/span><!-- \/.sc_button_text --><\/a><!-- \/.sc_button --><\/div><!-- \/.sc_item_button --><\/div><!-- \/.sc_blogger -->[\/vc_column][\/vc_row][vc_row][vc_column icons_position=&#8221;left&#8221;][vc_empty_space height=&#8221;80px&#8221; alter_height=&#8221;none&#8221; hide_on_desktop=&#8221;1&#8243; hide_on_notebook=&#8221;&#8221; hide_on_tablet=&#8221;&#8221; hide_on_mobile=&#8221;&#8221;][\/vc_column][\/vc_row][vc_row full_width=&#8221;stretch_row_content_no_spaces&#8221; extra_bg_mask=&#8221;5&#8243; hide_bg_image_on_tablet=&#8221;&#8221; hide_bg_image_on_mobile=&#8221;&#8221; css=&#8221;.vc_custom_1605816242487{padding-top: 50px !important;padding-bottom: 50px !important;background-color: #aaaaaa !important;background-size: cover !important;}&#8221;][vc_column width=&#8221;1\/4&#8243; icons_position=&#8221;left&#8221;][\/vc_column][vc_column width=&#8221;1\/2&#8243; icons_position=&#8221;left&#8221;]<div id=\"sc_title_510022190\"\r\n\t\tclass=\"sc_title color_style_link2 scheme_dark sc_title_default  vc_custom_1607591304534\"><h3 class=\"sc_item_title sc_title_title sc_align_center sc_item_title_style_default\">Spenden Sie!<\/h3><h6 class=\"sc_item_subtitle sc_title_subtitle sc_align_center sc_item_title_style_default\">und unterst\u00fctzen Sie damit unsere ehrenamtliche Arbeit.<\/h6><div class=\"sc_item_descr sc_title_descr sc_align_center\"><p>Gerne senden wir Ihnen f\u00fcr Ihre Spende eine Spendenquittung zu. Bitte teilen Sie uns hierf\u00fcr Ihre Postadresse mit.<\/p>\n<\/div><div class=\"sc_item_button sc_button_wrap sc_align_center\"><a href=\"\/?page_id=104\/\" id=\"sc_button_1625764950\" class=\"sc_button color_style_link2 sc_button_default sc_item_button sc_item_button_default sc_title_button sc_button_size_normal sc_button_icon_left\"><span class=\"sc_button_text\"><span class=\"sc_button_title\">Kontakt<\/span><\/span><!-- \/.sc_button_text --><\/a><!-- \/.sc_button --><\/div><!-- \/.sc_item_button --><\/div><!-- \/.sc_title -->[vc_empty_space height=&#8221;15px&#8221; alter_height=&#8221;none&#8221; hide_on_desktop=&#8221;1&#8243; hide_on_notebook=&#8221;&#8221; hide_on_tablet=&#8221;&#8221; hide_on_mobile=&#8221;&#8221;][\/vc_column][\/vc_row][vc_row full_width=&#8221;stretch_row_content&#8221; hide_bg_image_on_tablet=&#8221;&#8221; hide_bg_image_on_mobile=&#8221;&#8221; css=&#8221;.vc_custom_1605124984219{padding-right: 0px !important;padding-left: 0px !important;}&#8221;][vc_column hide_bg_image_on_tablet=&#8221;&#8221; hide_bg_image_on_mobile=&#8221;&#8221; icons_position=&#8221;left&#8221;]<div id=\"sc_content_2127838358\"\r\n\t\tclass=\"sc_content color_style_default sc_content_default sc_content_width_100p sc_float_center sc_shift_y_small  vc_custom_1582810201850\"><div class=\"sc_content_container\">[vc_row_inner equal_height=&#8221;yes&#8221; content_placement=&#8221;middle&#8221; hide_bg_image_on_tablet=&#8221;&#8221; hide_bg_image_on_mobile=&#8221;&#8221;][vc_column_inner hide_bg_image_on_tablet=&#8221;&#8221; hide_bg_image_on_mobile=&#8221;&#8221; icons_position=&#8221;left&#8221; offset=&#8221;vc_col-lg-6 vc_col-md-6 vc_col-xs-12&#8243; css=&#8221;.vc_custom_1582796686789{padding-right: 0px !important;padding-left: 0px !important;}&#8221;]<div id=\"sc_googlemap_52203361_wrap\" class=\"sc_googlemap_wrap\"><div id=\"sc_googlemap_52203361\"\r\n\t\t\tclass=\"sc_googlemap sc_googlemap_default\"\r\n\t\t\t style=\"width:100%;height:655px;\"\t\t\tdata-zoom=\"14\"\r\n\t\t\tdata-style=\"dark\"\r\n\t\t\tdata-cluster-icon=\"\"\r\n\r\n\t\t\t><iframe\r\n\t\t\t\t\tsrc=\"https:\/\/maps.google.com\/maps?t=m&output=embed&iwloc=near&z=14&q=Spitalgasse+2%2C+86424+Dinkelscherben\"\r\n\t\t\t\t\tscrolling=\"no\"\r\n\t\t\t\t\tmarginheight=\"0\"\r\n\t\t\t\t\tmarginwidth=\"0\"\r\n\t\t\t\t\tframeborder=\"0\"\r\n\t\t\t\t\taria-label=\"\"><\/iframe><\/div><\/div><!-- \/.sc_googlemap_wrap -->[\/vc_column_inner][vc_column_inner el_class=&#8221;map2col&#8221; hide_bg_image_on_tablet=&#8221;&#8221; hide_bg_image_on_mobile=&#8221;&#8221; icons_position=&#8221;left&#8221; css=&#8221;.vc_custom_1582796831895{background-color: #ffffff !important;}&#8221; offset=&#8221;vc_col-lg-6 vc_col-md-6 vc_col-xs-12&#8243;][vc_empty_space height=&#8221;50px&#8221; alter_height=&#8221;none&#8221; hide_on_desktop=&#8221;1&#8243; hide_on_notebook=&#8221;1&#8243; hide_on_tablet=&#8221;&#8221; hide_on_mobile=&#8221;&#8221;]<div id=\"sc_title_505099339\"\r\n\t\tclass=\"sc_title color_style_default sc_title_default\"><h3 class=\"sc_item_title sc_title_title sc_align_left sc_item_title_style_default\">Kontaktieren Sie uns<\/h3><\/div><!-- \/.sc_title -->[vc_empty_space height=&#8221;50px&#8221; alter_height=&#8221;none&#8221; hide_on_desktop=&#8221;&#8221; hide_on_notebook=&#8221;&#8221; hide_on_tablet=&#8221;1&#8243; hide_on_mobile=&#8221;1&#8243;][vc_empty_space height=&#8221;30px&#8221; alter_height=&#8221;none&#8221; hide_on_desktop=&#8221;1&#8243; hide_on_notebook=&#8221;1&#8243; hide_on_tablet=&#8221;&#8221; hide_on_mobile=&#8221;&#8221;]<div id=\"widget_contacts_2130727926\" class=\"widget_area sc_widget_contacts vc_widget_contacts wpb_content_element\"><aside id=\"widget_contacts_2130727926_widget\" class=\"widget widget_contacts\"><div class=\"contacts_wrap\"><div class=\"contacts_info\"><span class=\"contacts_address\"><label>Adresse:<\/label><span>Spitalgasse 2 <br> 86424 Dinkelscherben<\/span><\/span><span class=\"contacts_email\"><label>E-Mail:<\/label><a href=\"mailto:i&#110;fo&#64;&#104;o&#115;pit&#97;l&#45;di&#110;kelsc&#104;&#101;r&#98;&#101;n&#46;&#100;e\">i&#110;f&#111;&#64;&#104;ospi&#116;&#97;&#108;&#45;&#100;&#105;&#110;&#107;&#101;lsche&#114;&#98;&#101;n.de<\/a><\/span><span class=\"contacts_phone\"><label>Telefon:<\/label><a href=\"tel:08292\/9513390\">08292 \/ 9513390<\/a><\/span><\/div><div class=\"contacts_content\">[vc_text_separator title=&#8221;Spendenkonto&#8221;][vc_column_text]<\/p>\n<h6 style=\"text-align: center;\">IBAN: DE56 7206 9274 0003 2016 00<\/h6>\n<h6 style=\"text-align: center;\">BIC \/ SWIFT: GENODEF1ZUS<\/h6>\n<h6 style=\"text-align: center;\">Raiffeisenbank Augsburger Land West eG<\/h6>\n<p>[\/vc_column_text][vc_icon icon_fontawesome=&#8221;fas fa-hand-holding-heart&#8221; color=&#8221;custom&#8221; custom_color=&#8221;#db7d60&#8243;]<\/div><\/div><!-- \/.contacts_wrap --><\/aside><\/div>[vc_empty_space height=&#8221;50px&#8221; alter_height=&#8221;none&#8221; hide_on_desktop=&#8221;1&#8243; hide_on_notebook=&#8221;1&#8243; hide_on_tablet=&#8221;1&#8243; hide_on_mobile=&#8221;1&#8243;][vc_empty_space height=&#8221;20px&#8221; alter_height=&#8221;none&#8221; hide_on_desktop=&#8221;1&#8243; hide_on_notebook=&#8221;1&#8243; hide_on_tablet=&#8221;&#8221; hide_on_mobile=&#8221;&#8221;][\/vc_column_inner][\/vc_row_inner]<\/div><\/div><!-- \/.sc_content -->[\/vc_column][\/vc_row][vc_row][vc_column icons_position=&#8221;left&#8221;][vc_column_text]<\/p>\n<h4><\/h4>\n<p>[\/vc_column_text][\/vc_column][\/vc_row]<\/p>\n","protected":false},"excerpt":{"rendered":"<p>[vc_row full_width=&#8221;stretch_row_content&#8221; hide_bg_image_on_tablet=&#8221;&#8221; hide_bg_image_on_mobile=&#8221;1&#8243; row_delimiter=&#8221;&#8221; hide_on_desktop=&#8221;&#8221; hide_on_notebook=&#8221;&#8221; hide_on_tablet=&#8221;&#8221; hide_on_mobile=&#8221;1&#8243; hide_on_frontpage=&#8221;&#8221; css=&#8221;.vc_custom_1607589955346{padding-bottom: 350px !important;background-image: url(http:\/\/spitaldinkelscherben.de\/wp-content\/uploads\/2020\/11\/Titelbild_Foerderverein.png?id=1584) !important;background-position: center !important;}&#8221;][vc_column hide_bg_image_on_tablet=&#8221;&#8221; hide_bg_image_on_mobile=&#8221;&#8221; icons_position=&#8221;left&#8221; css=&#8221;.vc_custom_1606766242278{background-size: contain !important;}&#8221;][\/vc_column][\/vc_row][vc_row full_width=&#8221;stretch_row_content_no_spaces&#8221; extra_bg_mask=&#8221;5&#8243; hide_bg_image_on_tablet=&#8221;&#8221; hide_bg_image_on_mobile=&#8221;&#8221; css=&#8221;.vc_custom_1605816242487{padding-top: 50px !important;padding-bottom: 50px !important;background-color: #aaaaaa !important;background-size: cover !important;}&#8221;][vc_column width=&#8221;1\/4&#8243; icons_position=&#8221;left&#8221;][\/vc_column][vc_column width=&#8221;1\/2&#8243; icons_position=&#8221;left&#8221;][\/vc_column][\/vc_row][vc_row][vc_column&hellip;<\/p>\n","protected":false},"author":1,"featured_media":0,"parent":0,"menu_order":0,"comment_status":"closed","ping_status":"closed","template":"","meta":{"footnotes":""},"class_list":["post-94","page","type-page","status-publish","hentry"],"_links":{"self":[{"href":"https:\/\/spitaldinkelscherben.de\/index.php?rest_route=\/wp\/v2\/pages\/94","targetHints":{"allow":["GET"]}}],"collection":[{"href":"https:\/\/spitaldinkelscherben.de\/index.php?rest_route=\/wp\/v2\/pages"}],"about":[{"href":"https:\/\/spitaldinkelscherben.de\/index.php?rest_route=\/wp\/v2\/types\/page"}],"author":[{"embeddable":true,"href":"https:\/\/spitaldinkelscherben.de\/index.php?rest_route=\/wp\/v2\/users\/1"}],"replies":[{"embeddable":true,"href":"https:\/\/spitaldinkelscherben.de\/index.php?rest_route=%2Fwp%2Fv2%2Fcomments&post=94"}],"version-history":[{"count":95,"href":"https:\/\/spitaldinkelscherben.de\/index.php?rest_route=\/wp\/v2\/pages\/94\/revisions"}],"predecessor-version":[{"id":1786,"href":"https:\/\/spitaldinkelscherben.de\/index.php?rest_route=\/wp\/v2\/pages\/94\/revisions\/1786"}],"wp:attachment":[{"href":"https:\/\/spitaldinkelscherben.de\/index.php?rest_route=%2Fwp%2Fv2%2Fmedia&parent=94"}],"curies":[{"name":"wp","href":"https:\/\/api.w.org\/{rel}","templated":true}]}}