{"id":98,"date":"2017-10-30T15:18:09","date_gmt":"2017-10-30T15:18:09","guid":{"rendered":"http:\/\/spitaldinkelscherben.de\/?page_id=98"},"modified":"2024-05-29T06:29:22","modified_gmt":"2024-05-29T06:29:22","slug":"about-us-style-2","status":"publish","type":"page","link":"https:\/\/spitaldinkelscherben.de\/?page_id=98","title":{"rendered":"\u00dcber uns"},"content":{"rendered":"<p>[vc_row full_width=&#8221;stretch_row_content&#8221; css=&#8221;.vc_custom_1607019847453{background-color: #ffffff !important;background-size: cover !important;}&#8221;][vc_column hide_bg_image_on_tablet=&#8221;&#8221; hide_bg_image_on_mobile=&#8221;&#8221; icons_position=&#8221;left&#8221;][vc_row_inner equal_height=&#8221;yes&#8221; content_placement=&#8221;middle&#8221; gap=&#8221;35&#8243; hide_bg_image_on_tablet=&#8221;&#8221; hide_bg_image_on_mobile=&#8221;&#8221; css=&#8221;.vc_custom_1607364646810{background-size: contain !important;}&#8221;][vc_column_inner hide_bg_image_on_tablet=&#8221;&#8221; hide_bg_image_on_mobile=&#8221;&#8221; icons_position=&#8221;left&#8221; offset=&#8221;vc_col-lg-6 vc_col-md-6 vc_col-xs-12&#8243; css=&#8221;.vc_custom_1607019858631{padding-right: 0px !important;padding-left: 0px !important;background-color: #ffffff !important;background-size: contain !important;}&#8221;][vc_gallery type=&#8221;image_grid&#8221; images=&#8221;1204&#8243; img_size=&#8221;large&#8221; onclick=&#8221;&#8221; css=&#8221;.vc_custom_1607364920762{padding-top: 20px !important;background-size: cover !important;}&#8221;][\/vc_column_inner][vc_column_inner el_class=&#8221;map2col&#8221; hide_bg_image_on_tablet=&#8221;&#8221; hide_bg_image_on_mobile=&#8221;&#8221; icons_position=&#8221;left&#8221; css=&#8221;.vc_custom_1582796831895{background-color: #ffffff !important;}&#8221; offset=&#8221;vc_col-lg-6 vc_col-md-6 vc_col-xs-12&#8243;][vc_empty_space height=&#8221;50px&#8221; alter_height=&#8221;none&#8221; hide_on_desktop=&#8221;1&#8243; hide_on_notebook=&#8221;1&#8243; hide_on_tablet=&#8221;&#8221; hide_on_mobile=&#8221;&#8221;][vc_empty_space height=&#8221;50px&#8221; alter_height=&#8221;none&#8221; hide_on_desktop=&#8221;&#8221; hide_on_notebook=&#8221;&#8221; hide_on_tablet=&#8221;1&#8243; hide_on_mobile=&#8221;1&#8243;][vc_column_text el_class=&#8221;custom-counter&#8221;]Auf Initiative von Josef Guggemos wurde am 31.01.2019 der \u201eF\u00f6rderverein B\u00fcndnis Hospital-Dinkelscherben-Zusmarshausen\u201c gegr\u00fcndet mit dem Zweck der F\u00f6rderung von Altenhilfe und der Unterst\u00fctzung von Einrichtungen und Initiativen f\u00fcr hilfsbed\u00fcrftige Personen. Der Verein ist in das Vereinsregister eingetragen und die Gemeinn\u00fctzigkeit durch das Finanzamt festgestellt.<\/p>\n<ul>\n<li style=\"list-style-type: none;\">\n<ul>\n<li>Wir wirken durch die finanzielle Unterst\u00fctzung von Projekten der Hospitalstiftung.<\/li>\n<li>Wir wirken durch die praktische Mitarbeit in der Hospitalstiftung.<\/li>\n<li>Wir wirken durch den Dialog mit den Mitarbeitern der Hospitalstiftung und vertrauen auf ihrer fachlichen Kompetenz.<\/li>\n<li>Wir wirken durch die Erarbeitung von Konzepten und Zukunftsplanungen mit den Verantwortlichen in Staat und Gesellschaft.<\/li>\n<li>Wir wirken durch \u00d6ffentlichkeitsarbeit und den gesellschaftlichen Dialog.<\/li>\n<\/ul>\n<\/li>\n<\/ul>\n<p>[\/vc_column_text][vc_empty_space height=&#8221;30px&#8221; alter_height=&#8221;none&#8221; hide_on_desktop=&#8221;1&#8243; hide_on_notebook=&#8221;1&#8243; hide_on_tablet=&#8221;&#8221; hide_on_mobile=&#8221;&#8221;][vc_empty_space height=&#8221;50px&#8221; alter_height=&#8221;none&#8221; hide_on_desktop=&#8221;1&#8243; hide_on_notebook=&#8221;1&#8243; hide_on_tablet=&#8221;1&#8243; hide_on_mobile=&#8221;1&#8243;][vc_empty_space height=&#8221;20px&#8221; alter_height=&#8221;none&#8221; hide_on_desktop=&#8221;1&#8243; hide_on_notebook=&#8221;1&#8243; hide_on_tablet=&#8221;&#8221; hide_on_mobile=&#8221;&#8221;][\/vc_column_inner][\/vc_row_inner][vc_empty_space height=&#8221;50px&#8221; alter_height=&#8221;none&#8221; hide_on_desktop=&#8221;&#8221; hide_on_notebook=&#8221;&#8221; hide_on_tablet=&#8221;1&#8243; hide_on_mobile=&#8221;1&#8243;][vc_row_inner equal_height=&#8221;yes&#8221; content_placement=&#8221;middle&#8221; gap=&#8221;35&#8243; hide_bg_image_on_tablet=&#8221;&#8221; hide_bg_image_on_mobile=&#8221;&#8221; css=&#8221;.vc_custom_1605978921931{background-size: cover !important;}&#8221;][vc_column_inner hide_bg_image_on_tablet=&#8221;&#8221; hide_bg_image_on_mobile=&#8221;&#8221; icons_position=&#8221;left&#8221; offset=&#8221;vc_col-lg-6 vc_col-md-6 vc_col-xs-12&#8243; css=&#8221;.vc_custom_1607019874433{padding-right: 0px !important;padding-left: 0px !important;background-color: #ffffff !important;background-size: contain !important;}&#8221;][vc_gallery type=&#8221;image_grid&#8221; images=&#8221;1208&#8243; img_size=&#8221;large&#8221; onclick=&#8221;&#8221; css=&#8221;.vc_custom_1607365656811{padding-top: 35px !important;}&#8221;][\/vc_column_inner][vc_column_inner el_class=&#8221;map2col&#8221; hide_bg_image_on_tablet=&#8221;&#8221; hide_bg_image_on_mobile=&#8221;&#8221; icons_position=&#8221;left&#8221; css=&#8221;.vc_custom_1582796831895{background-color: #ffffff !important;}&#8221; offset=&#8221;vc_col-lg-6 vc_col-md-6 vc_col-xs-12&#8243;][vc_empty_space height=&#8221;50px&#8221; alter_height=&#8221;none&#8221; hide_on_desktop=&#8221;1&#8243; hide_on_notebook=&#8221;1&#8243; hide_on_tablet=&#8221;&#8221; hide_on_mobile=&#8221;&#8221;]<div id=\"sc_title_2079931279\"\r\n\t\tclass=\"sc_title color_style_default sc_title_default\"><h3 class=\"sc_item_title sc_title_title sc_align_left sc_item_title_style_default sc_item_title_tag\">Vorstandschaft<\/h3><\/div><!-- \/.sc_title -->[vc_empty_space height=&#8221;50px&#8221; alter_height=&#8221;none&#8221; hide_on_desktop=&#8221;&#8221; hide_on_notebook=&#8221;&#8221; hide_on_tablet=&#8221;1&#8243; hide_on_mobile=&#8221;1&#8243;][vc_column_text el_class=&#8221;custom-counter&#8221;]<strong>Erster Vorsitzender:<\/strong>\u00a0 \u00a0 \u00a0 \u00a0Herr Josef Guggemos, Dinkelscherben<\/p>\n<p style=\"text-align: left;\"><strong>Zweiter Vorsitzender:<\/strong>\u00a0 \u00a0 Herr Robert Steppich, Zusmarshausen<\/p>\n<p><strong>Dritter Vorsitzender:<\/strong>\u00a0 \u00a0 \u00a0 Herr Michael Maier, Dinkelscherben<\/p>\n<p><strong>Erster Schriftf\u00fchrer:<\/strong>\u00a0 \u00a0 \u00a0\u00a0 Herr Christian Schubert, Dinkelscherben<\/p>\n<p><strong>Zweiter Schriftf\u00fchrer:<\/strong>\u00a0 \u00a0 Frau Gerda Heichele, Dinkelscherben<\/p>\n<p><strong>Erste Kassiererin:<\/strong>\u00a0 \u00a0 \u00a0 \u00a0 \u00a0\u00a0\u00a0 Frau Irene Hegele, Zusmarshausen<\/p>\n<p><strong>Zweiter Kassierer:<\/strong>\u00a0 \u00a0 \u00a0 \u00a0 \u00a0Herr Paul Schreiber, Dinkelscherben<\/p>\n<p><strong>Erster Kassenpr\u00fcfer:<\/strong>\u00a0\u00a0\u00a0\u00a0\u00a0Herr Erwin H\u00f6rmann, Zusmarshausen<\/p>\n<p><strong>Zweiter Kassenpr\u00fcfer<\/strong>: \u00a0 Herr Martin Haslinger, Dinkelscherben[\/vc_column_text][vc_empty_space height=&#8221;30px&#8221; alter_height=&#8221;none&#8221; hide_on_desktop=&#8221;1&#8243; hide_on_notebook=&#8221;1&#8243; hide_on_tablet=&#8221;&#8221; hide_on_mobile=&#8221;&#8221;][vc_empty_space height=&#8221;50px&#8221; alter_height=&#8221;none&#8221; hide_on_desktop=&#8221;1&#8243; hide_on_notebook=&#8221;1&#8243; hide_on_tablet=&#8221;1&#8243; hide_on_mobile=&#8221;1&#8243;][vc_empty_space height=&#8221;20px&#8221; alter_height=&#8221;none&#8221; hide_on_desktop=&#8221;1&#8243; hide_on_notebook=&#8221;1&#8243; hide_on_tablet=&#8221;&#8221; hide_on_mobile=&#8221;&#8221;][\/vc_column_inner][\/vc_row_inner][vc_row_inner equal_height=&#8221;yes&#8221; content_placement=&#8221;middle&#8221; gap=&#8221;35&#8243; hide_bg_image_on_tablet=&#8221;&#8221; hide_bg_image_on_mobile=&#8221;&#8221; css=&#8221;.vc_custom_1605978921931{background-size: cover !important;}&#8221;][vc_column_inner el_class=&#8221;map2col&#8221; hide_bg_image_on_tablet=&#8221;&#8221; hide_bg_image_on_mobile=&#8221;&#8221; icons_position=&#8221;left&#8221; css=&#8221;.vc_custom_1582796831895{background-color: #ffffff !important;}&#8221; offset=&#8221;vc_col-lg-6 vc_col-md-6 vc_col-xs-12&#8243;][vc_empty_space height=&#8221;50px&#8221; alter_height=&#8221;none&#8221; hide_on_desktop=&#8221;1&#8243; hide_on_notebook=&#8221;1&#8243; hide_on_tablet=&#8221;&#8221; hide_on_mobile=&#8221;&#8221;]<div id=\"sc_title_276778255\"\r\n\t\tclass=\"sc_title color_style_default sc_title_default\"><h3 class=\"sc_item_title sc_title_title sc_align_left sc_item_title_style_default sc_item_title_tag\">Mitglied werden<\/h3><\/div><!-- \/.sc_title -->[vc_empty_space height=&#8221;50px&#8221; alter_height=&#8221;none&#8221; hide_on_desktop=&#8221;&#8221; hide_on_notebook=&#8221;&#8221; hide_on_tablet=&#8221;1&#8243; hide_on_mobile=&#8221;1&#8243;][vc_column_text el_class=&#8221;custom-counter&#8221;]<strong>Wir setzen uns ein und stehen f\u00fcr:<\/strong><\/p>\n<ul>\n<li>Qualifizierte Pflege und Betreuung<\/li>\n<li>Erhalt und Erweiterung der Pflegeeinrichtungen<\/li>\n<li>Transparente Informationspolitik<\/li>\n<li>Sicherheit im Alltag<\/li>\n<li>F\u00f6rderung der Aus- und Weiterbildung im Pflegebereich<\/li>\n<li>Sicherung und Neuschaffung von Arbeitspl\u00e4tzen<\/li>\n<\/ul>\n<p><strong>Unsere Ziele \/ Visionen:\u00a0<\/strong><\/p>\n<ul>\n<li>Demenzpflege,<\/li>\n<li>Palliative Betreuung,<\/li>\n<li>betreutes Wohnen,<\/li>\n<li>Mehr-Generationenh\u00e4user<\/li>\n<\/ul>\n<p><strong>Ihr Beitrag f\u00fcr die Gemeinschaft z\u00e4hlt!<\/strong>[\/vc_column_text][vc_empty_space height=&#8221;30px&#8221; alter_height=&#8221;none&#8221; hide_on_desktop=&#8221;1&#8243; hide_on_notebook=&#8221;1&#8243; hide_on_tablet=&#8221;&#8221; hide_on_mobile=&#8221;&#8221;][vc_empty_space height=&#8221;50px&#8221; alter_height=&#8221;none&#8221; hide_on_desktop=&#8221;1&#8243; hide_on_notebook=&#8221;1&#8243; hide_on_tablet=&#8221;1&#8243; hide_on_mobile=&#8221;1&#8243;][vc_btn title=&#8221;Satzung herunterladen&#8221; style=&#8221;3d&#8221; align=&#8221;left&#8221; link=&#8221;url:http%3A%2F%2Fspitaldinkelscherben.de%2Fwp-content%2Fuploads%2F2020%2F11%2F2019-01-31-SATZUNG-1.pdf|||&#8221;][vc_btn title=&#8221;Beitrittserkl\u00e4rung herunterladen&#8221; style=&#8221;3d&#8221; align=&#8221;left&#8221; link=&#8221;url:http%3A%2F%2Fspitaldinkelscherben.de%2Fwp-content%2Fuploads%2F2020%2F11%2FBeitrittserklaerung-mit-Hintergrund-1.pdf|||&#8221;][vc_btn title=&#8221;Satzungsentwurf herunterladen 2024&#8243; style=&#8221;3d&#8221; align=&#8221;left&#8221; link=&#8221;url:https%3A%2F%2Fspitaldinkelscherben.de%2Fwp-content%2Fuploads%2F2024%2F05%2F2024-05-10-ENTWURF-SATZUNG-2.pdf|title:Neuen%20Satzungsentwurf%20f%C3%BCr%202024%20herunterladen||&#8221;][vc_empty_space height=&#8221;20px&#8221; alter_height=&#8221;none&#8221; hide_on_desktop=&#8221;1&#8243; hide_on_notebook=&#8221;1&#8243; hide_on_tablet=&#8221;&#8221; hide_on_mobile=&#8221;&#8221;][\/vc_column_inner][vc_column_inner hide_bg_image_on_tablet=&#8221;&#8221; hide_bg_image_on_mobile=&#8221;&#8221; icons_position=&#8221;left&#8221; offset=&#8221;vc_col-lg-6 vc_col-md-6 vc_col-xs-12&#8243; css=&#8221;.vc_custom_1607019602169{padding-right: 0px !important;padding-left: 0px !important;background-size: contain !important;}&#8221;][vc_gallery type=&#8221;image_grid&#8221; images=&#8221;1132&#8243; img_size=&#8221;large&#8221; onclick=&#8221;&#8221; css=&#8221;.vc_custom_1607365693359{padding-bottom: 110px !important;}&#8221;][\/vc_column_inner][\/vc_row_inner][\/vc_column][\/vc_row][vc_row full_width=&#8221;stretch_row_content&#8221; css=&#8221;.vc_custom_1605464488881{background-size: contain !important;}&#8221;][vc_column hide_bg_image_on_tablet=&#8221;&#8221; hide_bg_image_on_mobile=&#8221;&#8221; icons_position=&#8221;left&#8221;][vc_row_inner equal_height=&#8221;yes&#8221; content_placement=&#8221;middle&#8221; gap=&#8221;35&#8243; hide_bg_image_on_tablet=&#8221;&#8221; hide_bg_image_on_mobile=&#8221;&#8221; css=&#8221;.vc_custom_1607364646810{background-size: contain !important;}&#8221;][vc_column_inner hide_bg_image_on_tablet=&#8221;&#8221; hide_bg_image_on_mobile=&#8221;&#8221; icons_position=&#8221;left&#8221; offset=&#8221;vc_col-lg-6 vc_col-md-6 vc_col-xs-12&#8243; css=&#8221;.vc_custom_1607019858631{padding-right: 0px !important;padding-left: 0px !important;background-color: #ffffff !important;background-size: contain !important;}&#8221;][vc_gallery type=&#8221;image_grid&#8221; images=&#8221;1793&#8243; img_size=&#8221;large&#8221; onclick=&#8221;&#8221; css=&#8221;.vc_custom_1615565110608{padding-top: 50px !important;padding-bottom: 50px !important;padding-left: 100px !important;background-size: cover !important;}&#8221;][\/vc_column_inner][vc_column_inner el_class=&#8221;map2col&#8221; hide_bg_image_on_tablet=&#8221;&#8221; hide_bg_image_on_mobile=&#8221;&#8221; icons_position=&#8221;left&#8221; css=&#8221;.vc_custom_1582796831895{background-color: #ffffff !important;}&#8221; offset=&#8221;vc_col-lg-6 vc_col-md-6 vc_col-xs-12&#8243;]<div id=\"sc_title_1141647770\"\r\n\t\tclass=\"sc_title color_style_default sc_title_default\"><h3 class=\"sc_item_title sc_title_title sc_align_left sc_item_title_style_default sc_item_title_tag\">Unsere Geschichte<\/h3><\/div><!-- \/.sc_title -->[vc_column_text el_class=&#8221;custom-counter&#8221;]Die Hospitalstiftung Dinkelscherben blickt auf eine jahrhundertealte Geschichte zur\u00fcck.<\/p>\n<p>Mehr dazu erfahren Sie hier:\u00a0<a href=\"https:\/\/hsdz.de\/stiftung\/geschichte\/\">https:\/\/hsdz.de\/stiftung\/geschichte\/<\/a>[\/vc_column_text][vc_empty_space height=&#8221;30px&#8221; alter_height=&#8221;none&#8221; hide_on_desktop=&#8221;1&#8243; hide_on_notebook=&#8221;1&#8243; hide_on_tablet=&#8221;&#8221; hide_on_mobile=&#8221;&#8221;][vc_empty_space height=&#8221;50px&#8221; alter_height=&#8221;none&#8221; hide_on_desktop=&#8221;1&#8243; hide_on_notebook=&#8221;1&#8243; hide_on_tablet=&#8221;1&#8243; hide_on_mobile=&#8221;1&#8243;][vc_empty_space height=&#8221;20px&#8221; alter_height=&#8221;none&#8221; hide_on_desktop=&#8221;1&#8243; hide_on_notebook=&#8221;1&#8243; hide_on_tablet=&#8221;&#8221; hide_on_mobile=&#8221;&#8221;][\/vc_column_inner][\/vc_row_inner]<div id=\"sc_content_2142511002\"\r\n\t\tclass=\"sc_content color_style_default sc_content_default sc_content_width_100p sc_float_center sc_shift_y_small  vc_custom_1582811241414\"><div class=\"sc_content_container\">[vc_row_inner equal_height=&#8221;yes&#8221; content_placement=&#8221;middle&#8221; hide_bg_image_on_tablet=&#8221;&#8221; hide_bg_image_on_mobile=&#8221;&#8221;][vc_column_inner hide_bg_image_on_tablet=&#8221;&#8221; hide_bg_image_on_mobile=&#8221;&#8221; icons_position=&#8221;left&#8221; offset=&#8221;vc_col-lg-6 vc_col-md-6 vc_col-xs-12&#8243; css=&#8221;.vc_custom_1582796686789{padding-right: 0px !important;padding-left: 0px !important;}&#8221;]<div id=\"sc_googlemap_1880615034_wrap\" class=\"sc_googlemap_wrap\"><div id=\"sc_googlemap_1880615034\"\r\n\t\t\tclass=\"sc_googlemap sc_googlemap_default\"\r\n\t\t\t style=\"width:100%;height:655px;\"\t\t\tdata-zoom=\"14\"\r\n\t\t\tdata-style=\"dark\"\r\n\t\t\tdata-cluster-icon=\"\"\r\n\r\n\t\t\t><iframe\r\n\t\t\t\t\tsrc=\"https:\/\/maps.google.com\/maps?t=m&output=embed&iwloc=near&z=14&q=Spitalgasse+2%2C+86424+Dinkelscherben\"\r\n\t\t\t\t\tscrolling=\"no\"\r\n\t\t\t\t\tmarginheight=\"0\"\r\n\t\t\t\t\tmarginwidth=\"0\"\r\n\t\t\t\t\tframeborder=\"0\"\r\n\t\t\t\t\taria-label=\"\"><\/iframe><\/div><\/div><!-- \/.sc_googlemap_wrap -->[\/vc_column_inner][vc_column_inner el_class=&#8221;map2col&#8221; hide_bg_image_on_tablet=&#8221;&#8221; hide_bg_image_on_mobile=&#8221;&#8221; icons_position=&#8221;left&#8221; css=&#8221;.vc_custom_1582796831895{background-color: #ffffff !important;}&#8221; offset=&#8221;vc_col-lg-6 vc_col-md-6 vc_col-xs-12&#8243;][vc_empty_space height=&#8221;50px&#8221; alter_height=&#8221;none&#8221; hide_on_desktop=&#8221;1&#8243; hide_on_notebook=&#8221;1&#8243; hide_on_tablet=&#8221;1&#8243; hide_on_mobile=&#8221;1&#8243;]<div id=\"sc_title_967290334\"\r\n\t\tclass=\"sc_title color_style_default sc_title_default  vc_custom_1607588584389\"><h3 class=\"sc_item_title sc_title_title sc_align_left sc_item_title_style_default\">Kontaktieren Sie uns<\/h3><\/div><!-- \/.sc_title -->[vc_empty_space height=&#8221;50px&#8221; alter_height=&#8221;none&#8221; hide_on_desktop=&#8221;&#8221; hide_on_notebook=&#8221;&#8221; hide_on_tablet=&#8221;1&#8243; hide_on_mobile=&#8221;1&#8243;][vc_empty_space height=&#8221;30px&#8221; alter_height=&#8221;none&#8221; hide_on_desktop=&#8221;1&#8243; hide_on_notebook=&#8221;1&#8243; hide_on_tablet=&#8221;&#8221; hide_on_mobile=&#8221;&#8221;]<div id=\"widget_contacts_1874718374\" class=\"widget_area sc_widget_contacts vc_widget_contacts wpb_content_element  vc_custom_1605883987656\"><aside id=\"widget_contacts_1874718374_widget\" class=\"widget widget_contacts\"><div class=\"contacts_wrap\"><div class=\"contacts_info\"><span class=\"contacts_address\"><label>Adresse:<\/label><span>Spitalgasse 2 <br> 86424 Dinkelscherben<\/span><\/span><span class=\"contacts_email\"><label>E-Mail:<\/label><a href=\"mailto:in&#102;o&#64;ho&#115;p&#105;t&#97;l&#45;&#100;i&#110;kels&#99;herben&#46;de\">i&#110;f&#111;&#64;h&#111;&#115;p&#105;&#116;al&#45;&#100;&#105;n&#107;e&#108;&#115;&#99;&#104;er&#98;en&#46;&#100;&#101;<\/a><\/span><span class=\"contacts_phone\"><label>Telefon:<\/label><a href=\"tel:08292\/9513390\">08292 \/ 9513390<\/a><\/span><\/div><div class=\"contacts_content\">[vc_text_separator title=&#8221;Spendenkonto&#8221;][vc_column_text]<\/p>\n<h6 style=\"text-align: center;\">IBAN: DE56 7206 9274 0003 2016 00<\/h6>\n<h6 style=\"text-align: center;\">BIC \/ SWIFT: GENODEF1ZUS<\/h6>\n<h6 style=\"text-align: center;\">Raiffeisenbank Augsburger Land West eG<\/h6>\n<p>[\/vc_column_text][vc_icon icon_fontawesome=&#8221;fas fa-hand-holding-heart&#8221; color=&#8221;custom&#8221; custom_color=&#8221;#db7d60&#8243;]<\/div><\/div><!-- \/.contacts_wrap --><\/aside><\/div>[vc_empty_space height=&#8221;50px&#8221; alter_height=&#8221;none&#8221; hide_on_desktop=&#8221;1&#8243; hide_on_notebook=&#8221;1&#8243; hide_on_tablet=&#8221;1&#8243; hide_on_mobile=&#8221;1&#8243;][vc_empty_space height=&#8221;20px&#8221; alter_height=&#8221;none&#8221; hide_on_desktop=&#8221;1&#8243; hide_on_notebook=&#8221;1&#8243; hide_on_tablet=&#8221;&#8221; hide_on_mobile=&#8221;&#8221;][\/vc_column_inner][\/vc_row_inner]<\/div><\/div><!-- \/.sc_content -->[\/vc_column][\/vc_row][vc_row][vc_column icons_position=&#8221;left&#8221;][\/vc_column][\/vc_row][vc_row][vc_column icons_position=&#8221;left&#8221;][\/vc_column][\/vc_row]<\/p>\n","protected":false},"excerpt":{"rendered":"<p>[vc_row full_width=&#8221;stretch_row_content&#8221; css=&#8221;.vc_custom_1607019847453{background-color: #ffffff !important;background-size: cover !important;}&#8221;][vc_column hide_bg_image_on_tablet=&#8221;&#8221; hide_bg_image_on_mobile=&#8221;&#8221; icons_position=&#8221;left&#8221;][vc_row_inner equal_height=&#8221;yes&#8221; content_placement=&#8221;middle&#8221; gap=&#8221;35&#8243; hide_bg_image_on_tablet=&#8221;&#8221; hide_bg_image_on_mobile=&#8221;&#8221; css=&#8221;.vc_custom_1607364646810{background-size: contain !important;}&#8221;][vc_column_inner hide_bg_image_on_tablet=&#8221;&#8221; hide_bg_image_on_mobile=&#8221;&#8221; icons_position=&#8221;left&#8221; offset=&#8221;vc_col-lg-6 vc_col-md-6 vc_col-xs-12&#8243; css=&#8221;.vc_custom_1607019858631{padding-right: 0px !important;padding-left: 0px !important;background-color: #ffffff !important;background-size: contain !important;}&#8221;][vc_gallery type=&#8221;image_grid&#8221; images=&#8221;1204&#8243; img_size=&#8221;large&#8221; onclick=&#8221;&#8221; css=&#8221;.vc_custom_1607364920762{padding-top: 20px !important;background-size:&hellip;<\/p>\n","protected":false},"author":1,"featured_media":0,"parent":0,"menu_order":0,"comment_status":"closed","ping_status":"closed","template":"","meta":{"footnotes":""},"class_list":["post-98","page","type-page","status-publish","hentry"],"_links":{"self":[{"href":"https:\/\/spitaldinkelscherben.de\/index.php?rest_route=\/wp\/v2\/pages\/98","targetHints":{"allow":["GET"]}}],"collection":[{"href":"https:\/\/spitaldinkelscherben.de\/index.php?rest_route=\/wp\/v2\/pages"}],"about":[{"href":"https:\/\/spitaldinkelscherben.de\/index.php?rest_route=\/wp\/v2\/types\/page"}],"author":[{"embeddable":true,"href":"https:\/\/spitaldinkelscherben.de\/index.php?rest_route=\/wp\/v2\/users\/1"}],"replies":[{"embeddable":true,"href":"https:\/\/spitaldinkelscherben.de\/index.php?rest_route=%2Fwp%2Fv2%2Fcomments&post=98"}],"version-history":[{"count":92,"href":"https:\/\/spitaldinkelscherben.de\/index.php?rest_route=\/wp\/v2\/pages\/98\/revisions"}],"predecessor-version":[{"id":2368,"href":"https:\/\/spitaldinkelscherben.de\/index.php?rest_route=\/wp\/v2\/pages\/98\/revisions\/2368"}],"wp:attachment":[{"href":"https:\/\/spitaldinkelscherben.de\/index.php?rest_route=%2Fwp%2Fv2%2Fmedia&parent=98"}],"curies":[{"name":"wp","href":"https:\/\/api.w.org\/{rel}","templated":true}]}}